{"id":974,"date":"2020-03-06T16:23:22","date_gmt":"2020-03-06T15:23:22","guid":{"rendered":"https:\/\/val31.fr\/?post_type=product&#038;p=974"},"modified":"2020-03-14T17:42:59","modified_gmt":"2020-03-14T16:42:59","slug":"t-shirt-manche-courte-trail","status":"publish","type":"product","link":"https:\/\/val31.fr\/index.php\/produit\/t-shirt-manche-courte-trail\/","title":{"rendered":"T shirt Manche courte Trail"},"content":{"rendered":"<p>Le tee-shirt manche courte Endurance est compos\u00e9 du tissu multi-filament DAMERO plus r\u00e9sistant et durable pour supporter les accrocs de tout obstacle sur votre chemin. Cet article a \u00e9t\u00e9 con\u00e7u pour \u00eatre plus r\u00e9sistant lors des sorties en montagne.<\/p>\n<p>Lien : <a href=\"https:\/\/www.tactic-sport.com\/fr\/custom\/custom-running\/240-t-shirt-manches-courtes-endurance\">https:\/\/www.tactic-sport.com\/fr\/custom\/custom-running\/240-t-shirt-manches-courtes-endurance<\/a><\/p>\n","protected":false},"excerpt":{"rendered":"<p>Le tee-shirt manche courte Endurance est compos\u00e9 du tissu multi-filament DAMERO plus r\u00e9sistant et durable pour supporter les accrocs de tout obstacle sur votre chemin. Cet article a \u00e9t\u00e9 con\u00e7u pour \u00eatre plus r\u00e9sistant lors des sorties en montagne. Lien : https:\/\/www.tactic-sport.com\/fr\/custom\/custom-running\/240-t-shirt-manches-courtes-endurance<\/p>\n","protected":false},"featured_media":984,"template":"","meta":{"spay_email":""},"product_cat":[16],"product_tag":[],"_links":{"self":[{"href":"https:\/\/val31.fr\/index.php\/wp-json\/wp\/v2\/product\/974"}],"collection":[{"href":"https:\/\/val31.fr\/index.php\/wp-json\/wp\/v2\/product"}],"about":[{"href":"https:\/\/val31.fr\/index.php\/wp-json\/wp\/v2\/types\/product"}],"wp:featuredmedia":[{"embeddable":true,"href":"https:\/\/val31.fr\/index.php\/wp-json\/wp\/v2\/media\/984"}],"wp:attachment":[{"href":"https:\/\/val31.fr\/index.php\/wp-json\/wp\/v2\/media?parent=974"}],"wp:term":[{"taxonomy":"product_cat","embeddable":true,"href":"https:\/\/val31.fr\/index.php\/wp-json\/wp\/v2\/product_cat?post=974"},{"taxonomy":"product_tag","embeddable":true,"href":"https:\/\/val31.fr\/index.php\/wp-json\/wp\/v2\/product_tag?post=974"}],"curies":[{"name":"wp","href":"https:\/\/api.w.org\/{rel}","templated":true}]}}