{"id":942,"date":"2020-03-06T15:50:10","date_gmt":"2020-03-06T14:50:10","guid":{"rendered":"https:\/\/val31.fr\/?post_type=product&#038;p=942"},"modified":"2020-03-14T17:44:45","modified_gmt":"2020-03-14T16:44:45","slug":"debardeur-run-mixte","status":"publish","type":"product","link":"https:\/\/val31.fr\/index.php\/produit\/debardeur-run-mixte\/","title":{"rendered":"D\u00e9bardeur Run"},"content":{"rendered":"<p>Le d\u00e9bardeur Run a un patron ergonomique qui optimise le confort et permet une libert\u00e9 totale de mouvements.<\/p>\n<p>Le tissu ultra l\u00e9ger et les insertions de maille contribuent \u00e0 le maintenir toujours frais gr\u00e2ce \u00e0 sa ventilation optimale et s\u00e9chage rapide.<\/p>\n<p>Lien : <a href=\"https:\/\/www.tactic-sport.com\/fr\/custom\/custom-running\/238-debardeur-run\">https:\/\/www.tactic-sport.com\/fr\/custom\/custom-running\/238-debardeur-run<\/a><\/p>\n<p>&nbsp;<\/p>\n","protected":false},"excerpt":{"rendered":"<p>Le d\u00e9bardeur Run a un patron ergonomique qui optimise le confort et permet une libert\u00e9 totale de mouvements. Le tissu ultra l\u00e9ger et les insertions de maille contribuent \u00e0 le maintenir toujours frais gr\u00e2ce \u00e0 sa ventilation optimale et s\u00e9chage rapide. Lien : https:\/\/www.tactic-sport.com\/fr\/custom\/custom-running\/238-debardeur-run &nbsp;<\/p>\n","protected":false},"featured_media":951,"template":"","meta":{"spay_email":""},"product_cat":[16],"product_tag":[],"_links":{"self":[{"href":"https:\/\/val31.fr\/index.php\/wp-json\/wp\/v2\/product\/942"}],"collection":[{"href":"https:\/\/val31.fr\/index.php\/wp-json\/wp\/v2\/product"}],"about":[{"href":"https:\/\/val31.fr\/index.php\/wp-json\/wp\/v2\/types\/product"}],"wp:featuredmedia":[{"embeddable":true,"href":"https:\/\/val31.fr\/index.php\/wp-json\/wp\/v2\/media\/951"}],"wp:attachment":[{"href":"https:\/\/val31.fr\/index.php\/wp-json\/wp\/v2\/media?parent=942"}],"wp:term":[{"taxonomy":"product_cat","embeddable":true,"href":"https:\/\/val31.fr\/index.php\/wp-json\/wp\/v2\/product_cat?post=942"},{"taxonomy":"product_tag","embeddable":true,"href":"https:\/\/val31.fr\/index.php\/wp-json\/wp\/v2\/product_tag?post=942"}],"curies":[{"name":"wp","href":"https:\/\/api.w.org\/{rel}","templated":true}]}}