{"id":1114,"date":"2020-03-06T18:50:43","date_gmt":"2020-03-06T17:50:43","guid":{"rendered":"https:\/\/val31.fr\/?post_type=product&#038;p=1114"},"modified":"2020-03-14T17:30:49","modified_gmt":"2020-03-14T16:30:49","slug":"short-run","status":"publish","type":"product","link":"https:\/\/val31.fr\/index.php\/produit\/short-run\/","title":{"rendered":"Short Run"},"content":{"rendered":"<p>Pantalon extr\u00eamement l\u00e9ger gr\u00e2ce au tissu multi-filament DRYTECH. L\u00e9ger pour ne pas porter du poids inutile, transpirable pour optimiser l\u2019\u00e9vacuation de l\u2019humidit\u00e9 et s\u00e9chage rapide pour \u00e9viter les refroidissements. Il a un patron ergonomique qui recherche l\u2019\u00e9quilibre entre confort et adaptation \u00e0 diff\u00e9rentes positions lors des sorties.<\/p>\n<p>Lien : <a href=\"https:\/\/www.tactic-sport.com\/fr\/custom\/custom-running\/243-short-run\">https:\/\/www.tactic-sport.com\/fr\/custom\/custom-running\/243-short-run<\/a><\/p>\n","protected":false},"excerpt":{"rendered":"<p>Pantalon extr\u00eamement l\u00e9ger gr\u00e2ce au tissu multi-filament DRYTECH. L\u00e9ger pour ne pas porter du poids inutile, transpirable pour optimiser l\u2019\u00e9vacuation de l\u2019humidit\u00e9 et s\u00e9chage rapide pour \u00e9viter les refroidissements. Il a un patron ergonomique qui recherche l\u2019\u00e9quilibre entre confort et adaptation \u00e0 diff\u00e9rentes positions lors des sorties. Lien : https:\/\/www.tactic-sport.com\/fr\/custom\/custom-running\/243-short-run<\/p>\n","protected":false},"featured_media":1115,"template":"","meta":{"spay_email":""},"product_cat":[16],"product_tag":[],"_links":{"self":[{"href":"https:\/\/val31.fr\/index.php\/wp-json\/wp\/v2\/product\/1114"}],"collection":[{"href":"https:\/\/val31.fr\/index.php\/wp-json\/wp\/v2\/product"}],"about":[{"href":"https:\/\/val31.fr\/index.php\/wp-json\/wp\/v2\/types\/product"}],"wp:featuredmedia":[{"embeddable":true,"href":"https:\/\/val31.fr\/index.php\/wp-json\/wp\/v2\/media\/1115"}],"wp:attachment":[{"href":"https:\/\/val31.fr\/index.php\/wp-json\/wp\/v2\/media?parent=1114"}],"wp:term":[{"taxonomy":"product_cat","embeddable":true,"href":"https:\/\/val31.fr\/index.php\/wp-json\/wp\/v2\/product_cat?post=1114"},{"taxonomy":"product_tag","embeddable":true,"href":"https:\/\/val31.fr\/index.php\/wp-json\/wp\/v2\/product_tag?post=1114"}],"curies":[{"name":"wp","href":"https:\/\/api.w.org\/{rel}","templated":true}]}}