{"id":1053,"date":"2020-03-06T17:01:25","date_gmt":"2020-03-06T16:01:25","guid":{"rendered":"https:\/\/val31.fr\/?post_type=product&#038;p=1053"},"modified":"2020-03-14T17:34:56","modified_gmt":"2020-03-14T16:34:56","slug":"bandeau-run","status":"publish","type":"product","link":"https:\/\/val31.fr\/index.php\/produit\/bandeau-run\/","title":{"rendered":"Bandeau Run"},"content":{"rendered":"<p>Le bandeau thermique apporte chaleur et disperse rapidemment l\u2019humidit\u00e9 pour maintenir la t\u00eate s\u00e8che gr\u00e2ce \u00e0 sa grande transpirabilit\u00e9 et sa capacit\u00e9 \u00e0 expulser la sueur vers l\u2019ext\u00e9rieur.<\/p>\n<p>Lien : <a href=\"https:\/\/www.tactic-sport.com\/fr\/custom\/custom-running\/260-bandeau-run\">https:\/\/www.tactic-sport.com\/fr\/custom\/custom-running\/260-bandeau-run<\/a><\/p>\n","protected":false},"excerpt":{"rendered":"<p>Le bandeau thermique apporte chaleur et disperse rapidemment l\u2019humidit\u00e9 pour maintenir la t\u00eate s\u00e8che gr\u00e2ce \u00e0 sa grande transpirabilit\u00e9 et sa capacit\u00e9 \u00e0 expulser la sueur vers l\u2019ext\u00e9rieur. Lien : https:\/\/www.tactic-sport.com\/fr\/custom\/custom-running\/260-bandeau-run<\/p>\n","protected":false},"featured_media":1055,"template":"","meta":{"spay_email":""},"product_cat":[16],"product_tag":[],"_links":{"self":[{"href":"https:\/\/val31.fr\/index.php\/wp-json\/wp\/v2\/product\/1053"}],"collection":[{"href":"https:\/\/val31.fr\/index.php\/wp-json\/wp\/v2\/product"}],"about":[{"href":"https:\/\/val31.fr\/index.php\/wp-json\/wp\/v2\/types\/product"}],"wp:featuredmedia":[{"embeddable":true,"href":"https:\/\/val31.fr\/index.php\/wp-json\/wp\/v2\/media\/1055"}],"wp:attachment":[{"href":"https:\/\/val31.fr\/index.php\/wp-json\/wp\/v2\/media?parent=1053"}],"wp:term":[{"taxonomy":"product_cat","embeddable":true,"href":"https:\/\/val31.fr\/index.php\/wp-json\/wp\/v2\/product_cat?post=1053"},{"taxonomy":"product_tag","embeddable":true,"href":"https:\/\/val31.fr\/index.php\/wp-json\/wp\/v2\/product_tag?post=1053"}],"curies":[{"name":"wp","href":"https:\/\/api.w.org\/{rel}","templated":true}]}}