{"id":43,"date":"2019-10-10T16:06:00","date_gmt":"2019-10-10T14:06:00","guid":{"rendered":"http:\/\/val31.fr\/siteClub\/?page_id=43"},"modified":"2023-09-04T14:30:43","modified_gmt":"2023-09-04T12:30:43","slug":"benevoles","status":"publish","type":"page","link":"https:\/\/val31.fr\/index.php\/trail-du-ventolet\/benevoles\/","title":{"rendered":"B\u00e9n\u00e9voles"},"content":{"rendered":"\n<h2>VOUS  SOUHAITEZ  NOUS AIDER \u00c0 ORGANISER LE PROCHAIN TRAIL DU VENTOLET  ?<\/h2>\n\n\n\n<h3 class=\"has-text-align-left\">Vous pouvez int\u00e9grer notre \u00e9quipe de b\u00e9n\u00e9voles.<br><\/h3>\n\n\n\n<p>Sans les b\u00e9n\u00e9voles, un tel \u00e9v\u00e9nement ne pourrait pas \u00eatre organis\u00e9 !<\/p>\n\n\n\n<p>Nous avons besoin de b\u00e9n\u00e9voles principalement pour aiguiller les coureurs aux intersections sur le parcours (signaleurs) mais aussi pour tenir les points de ravitaillement, remettre les dossards, participer au nettoyage et au balisage du parcours ou encore aider \u00e0 la buvette d\u2019apr\u00e8s course.<\/p>\n\n\n\n<p>Bien sur , tous les b\u00e9n\u00e9voles sont invit\u00e9s \u00e0 la fiesta du samedi soir, repas et boisson offert par le club !<\/p>\n\n\n\n<p>Si vous \u00eates int\u00e9ress\u00e9s, n&rsquo;h\u00e9sitez pas \u00e0 utiliser le formulaire ci dessous pour nous envoyer votre demande d&rsquo;inscription, nous ne manquerons pas de vous recontacter tr\u00e8s rapidement.<\/p>\n\n\n\n<hr class=\"wp-block-separator\"\/>\n\n\n\n<p style=\"text-align:center\"><div role=\"form\" class=\"wpcf7\" id=\"wpcf7-f598-o1\" lang=\"fr-FR\" dir=\"ltr\">\n<div class=\"screen-reader-response\"><p role=\"status\" aria-live=\"polite\" aria-atomic=\"true\"><\/p> <ul><\/ul><\/div>\n<form action=\"\/index.php\/wp-json\/wp\/v2\/pages\/43#wpcf7-f598-o1\" method=\"post\" class=\"wpcf7-form init\" novalidate=\"novalidate\" data-status=\"init\">\n<div style=\"display: none;\">\n<input type=\"hidden\" name=\"_wpcf7\" value=\"598\" \/>\n<input type=\"hidden\" name=\"_wpcf7_version\" value=\"5.5.3\" \/>\n<input type=\"hidden\" name=\"_wpcf7_locale\" value=\"fr_FR\" \/>\n<input type=\"hidden\" name=\"_wpcf7_unit_tag\" value=\"wpcf7-f598-o1\" \/>\n<input type=\"hidden\" name=\"_wpcf7_container_post\" value=\"0\" \/>\n<input type=\"hidden\" name=\"_wpcf7_posted_data_hash\" value=\"\" \/>\n<\/div>\n<div id=\"divformyinput\">\n<div class=\"wp-block-columns has-2-columns\">\n<div class=\"wp-block-column\">\n<label> Votre nom (obligatoire)<br \/>\n    <span class=\"wpcf7-form-control-wrap nom\"><input type=\"text\" name=\"nom\" value=\"\" size=\"40\" class=\"wpcf7-form-control wpcf7-text wpcf7-validates-as-required myinput\" aria-required=\"true\" aria-invalid=\"false\" \/><\/span> <\/label><\/p>\n<p><label> Votre Pr\u00e9nom (obligatoire)<br \/>\n    <span class=\"wpcf7-form-control-wrap prenom\"><input type=\"text\" name=\"prenom\" value=\"\" size=\"40\" class=\"wpcf7-form-control wpcf7-text wpcf7-validates-as-required myinput\" aria-required=\"true\" aria-invalid=\"false\" \/><\/span> <\/label><\/p>\n<p><label>Votre date de naissance (obligatoire)<br \/>\n   <span class=\"wpcf7-form-control-wrap datenaissance\"><input type=\"date\" name=\"datenaissance\" value=\"\" class=\"wpcf7-form-control wpcf7-date wpcf7-validates-as-required wpcf7-validates-as-date myinput\" aria-required=\"true\" aria-invalid=\"false\" \/><\/span><br \/>\n<\/label>\n<\/div>\n<div class=\"wp-block-column\">\n<label> Votre email (obligatoire)<br \/>\n    <span class=\"wpcf7-form-control-wrap email\"><input type=\"email\" name=\"email\" value=\"\" size=\"40\" class=\"wpcf7-form-control wpcf7-text wpcf7-email wpcf7-validates-as-required wpcf7-validates-as-email myinput\" aria-required=\"true\" aria-invalid=\"false\" \/><\/span> <\/label><\/p>\n<p><label> Votre num\u00e9ro de t\u00e9l\u00e9phone (obligatoire)<br \/>\n   <span class=\"wpcf7-form-control-wrap telephone\"><input type=\"tel\" name=\"telephone\" value=\"\" size=\"40\" class=\"wpcf7-form-control wpcf7-text wpcf7-tel wpcf7-validates-as-required wpcf7-validates-as-tel myinput\" aria-required=\"true\" aria-invalid=\"false\" \/><\/span><\/label><\/p>\n<p><label> Votre num\u00e9ro de permis de conduire (obligatoire pour d\u00e9claration pr\u00e9fecture)<br \/>\n  <span class=\"wpcf7-form-control-wrap permis\"><input type=\"text\" name=\"permis\" value=\"\" size=\"40\" class=\"wpcf7-form-control wpcf7-text wpcf7-validates-as-required myinput\" aria-required=\"true\" aria-invalid=\"false\" \/><\/span><\/label>\n<\/div>\n<\/div>\n<p><label> Vous pouvez ajouter des pr\u00e9cisions :<br \/>\n    <span class=\"wpcf7-form-control-wrap your-message\"><textarea name=\"your-message\" cols=\"40\" rows=\"10\" class=\"wpcf7-form-control wpcf7-textarea\" aria-invalid=\"false\"><\/textarea><\/span> <\/label><\/p>\n<p><input type=\"submit\" value=\"Envoyer\" class=\"wpcf7-form-control has-spinner wpcf7-submit mybutton\" \/><\/p>\n<\/div>\n<div class=\"wpcf7-response-output\" aria-hidden=\"true\"><\/div><\/form><\/div><\/p>\n\n\n\n<p><\/p>\n","protected":false},"excerpt":{"rendered":"<p>VOUS SOUHAITEZ NOUS AIDER \u00c0 ORGANISER LE PROCHAIN TRAIL DU VENTOLET ? Vous pouvez int\u00e9grer notre \u00e9quipe de b\u00e9n\u00e9voles. Sans les b\u00e9n\u00e9voles, un tel \u00e9v\u00e9nement ne pourrait pas \u00eatre organis\u00e9 ! Nous avons besoin de b\u00e9n\u00e9voles principalement pour aiguiller les coureurs aux intersections sur le parcours (signaleurs) mais aussi pour tenir les points de ravitaillement, [&hellip;]<\/p>\n","protected":false},"author":1,"featured_media":0,"parent":34,"menu_order":0,"comment_status":"closed","ping_status":"closed","template":"","meta":{"spay_email":""},"_links":{"self":[{"href":"https:\/\/val31.fr\/index.php\/wp-json\/wp\/v2\/pages\/43"}],"collection":[{"href":"https:\/\/val31.fr\/index.php\/wp-json\/wp\/v2\/pages"}],"about":[{"href":"https:\/\/val31.fr\/index.php\/wp-json\/wp\/v2\/types\/page"}],"author":[{"embeddable":true,"href":"https:\/\/val31.fr\/index.php\/wp-json\/wp\/v2\/users\/1"}],"replies":[{"embeddable":true,"href":"https:\/\/val31.fr\/index.php\/wp-json\/wp\/v2\/comments?post=43"}],"version-history":[{"count":16,"href":"https:\/\/val31.fr\/index.php\/wp-json\/wp\/v2\/pages\/43\/revisions"}],"predecessor-version":[{"id":1709,"href":"https:\/\/val31.fr\/index.php\/wp-json\/wp\/v2\/pages\/43\/revisions\/1709"}],"up":[{"embeddable":true,"href":"https:\/\/val31.fr\/index.php\/wp-json\/wp\/v2\/pages\/34"}],"wp:attachment":[{"href":"https:\/\/val31.fr\/index.php\/wp-json\/wp\/v2\/media?parent=43"}],"curies":[{"name":"wp","href":"https:\/\/api.w.org\/{rel}","templated":true}]}}