{"id":34,"date":"2019-10-10T16:03:52","date_gmt":"2019-10-10T14:03:52","guid":{"rendered":"http:\/\/val31.fr\/siteClub\/?page_id=34"},"modified":"2026-03-21T08:44:33","modified_gmt":"2026-03-21T07:44:33","slug":"trail-du-ventolet","status":"publish","type":"page","link":"https:\/\/val31.fr\/index.php\/trail-du-ventolet\/","title":{"rendered":"Le Trail Du Ventolet"},"content":{"rendered":"\n<div class=\"wp-block-columns\">\n<div class=\"wp-block-column\">\n<div class=\"wp-block-columns\">\n<div class=\"wp-block-column\" style=\"flex-basis:66.66%\">\n<h2>D<strong>emandez le programme !<\/strong><\/h2>\n\n\n\n<h3><strong><strong>Dimanche 29 mars 2026, \u00e0 partir de 09h00<\/strong><\/strong><\/h3>\n\n\n\n<p><strong>Comme les ann\u00e9es pr\u00e9c\u00e9dentes, un challenge r\u00e9compensera l\u2019entreprise ou l\u2019association ayant inscrit le plus grand nombre d\u2019\u00e9quipe sur le relai \u00ab La Mi\u00e8ja \u00bb . Faites passer le message !<\/strong><\/p>\n\n\n\n<p><strong>Aucun gobelet ne sera fourni aux ravitaillements<\/strong> et l\u2019inscription comprend 1\u20ac pour un gobelet consign\u00e9 \u00e0 la buvette.<\/p>\n\n\n\n<p>Le village d\u00e9part s\u2019organise dans le centre ville de Villefranche-de-Lauragais autour de la place Gambetta o\u00f9 se d\u00e9roulent <strong>les courses enfants<\/strong> (Inscription gratuite sur place le jour m\u00eame) .<\/p>\n\n\n\n<p>D\u00e9s la fin des \u00e9preuves, la remise des r\u00e9compenses se d\u00e9roule sous la halle centrale, autour de la buvette o\u00f9 <strong>une boisson est offerte \u00e0 tous les participants.<\/strong><\/p>\n\n\n\n<p>Enfin toujours sous la halle, un repas payant (Food-Truck) sera propos\u00e9 aux coureurs et accompagnants apr\u00e8s les courses, vous pouvez le r\u00e9server d\u00e8s l\u2019inscription faite en ligne ou bien le jour m\u00eame mais dans la limite des stocks disponibles.<\/p>\n\n\n\n<p>La matin\u00e9e se termine autour d\u2019une animation musicale.<\/p>\n\n\n\n<ul><li>D\u00e9but de la remise des dossards \u00e0 partir de 07h00 \u00e0 la halle centrale<\/li><li>09h00 pour la \u00ab Ventada \u00bb 27 kms<\/li><li>09h30 pour la \u00ab Passejada \u00bb randonn\u00e9e 10 kms, (non chronom\u00e9tr\u00e9e)<\/li><li>10h00 pour la \u00ab Ventoleta \u00bb \/ la \u00ab Mi\u00e8ja \u00bb 15 kms individuel et relai (2X7 kms)<\/li><li>10h15 pour la \u00ab Pichona \u00bb 8 kms<\/li><li>10h20 animation et courses enfants<\/li><li>10h45 \u00e0 12h45 : arriv\u00e9e de tous les coureurs<\/li><li>11h00 : remise r\u00e9compenses<\/li><\/ul>\n<\/div>\n\n\n\n<div class=\"wp-block-column\" style=\"flex-basis:33.33%\">\n<figure class=\"wp-block-image size-large\"><img loading=\"lazy\" width=\"819\" height=\"1024\" src=\"https:\/\/val31.fr\/wp-content\/uploads\/2025\/12\/trail_ventolet_2026-819x1024.jpg\" alt=\"\" class=\"wp-image-1977\" srcset=\"https:\/\/val31.fr\/wp-content\/uploads\/2025\/12\/trail_ventolet_2026-819x1024.jpg 819w, https:\/\/val31.fr\/wp-content\/uploads\/2025\/12\/trail_ventolet_2026-240x300.jpg 240w, https:\/\/val31.fr\/wp-content\/uploads\/2025\/12\/trail_ventolet_2026-768x960.jpg 768w, https:\/\/val31.fr\/wp-content\/uploads\/2025\/12\/trail_ventolet_2026-600x750.jpg 600w, https:\/\/val31.fr\/wp-content\/uploads\/2025\/12\/trail_ventolet_2026.jpg 1080w\" sizes=\"(max-width: 819px) 100vw, 819px\" \/><\/figure>\n\n\n\n<h2 class=\"has-text-align-center\"><strong>Venez nombreux !<\/strong><\/h2>\n<\/div>\n<\/div>\n<\/div>\n<\/div>\n","protected":false},"excerpt":{"rendered":"<p>Demandez le programme ! Dimanche 29 mars 2026, \u00e0 partir de 09h00 Comme les ann\u00e9es pr\u00e9c\u00e9dentes, un challenge r\u00e9compensera l\u2019entreprise ou l\u2019association ayant inscrit le plus grand nombre d\u2019\u00e9quipe sur le relai \u00ab La Mi\u00e8ja \u00bb . Faites passer le message ! Aucun gobelet ne sera fourni aux ravitaillements et l\u2019inscription comprend 1\u20ac pour un [&hellip;]<\/p>\n","protected":false},"author":1,"featured_media":0,"parent":0,"menu_order":0,"comment_status":"closed","ping_status":"closed","template":"","meta":{"spay_email":""},"_links":{"self":[{"href":"https:\/\/val31.fr\/index.php\/wp-json\/wp\/v2\/pages\/34"}],"collection":[{"href":"https:\/\/val31.fr\/index.php\/wp-json\/wp\/v2\/pages"}],"about":[{"href":"https:\/\/val31.fr\/index.php\/wp-json\/wp\/v2\/types\/page"}],"author":[{"embeddable":true,"href":"https:\/\/val31.fr\/index.php\/wp-json\/wp\/v2\/users\/1"}],"replies":[{"embeddable":true,"href":"https:\/\/val31.fr\/index.php\/wp-json\/wp\/v2\/comments?post=34"}],"version-history":[{"count":102,"href":"https:\/\/val31.fr\/index.php\/wp-json\/wp\/v2\/pages\/34\/revisions"}],"predecessor-version":[{"id":2005,"href":"https:\/\/val31.fr\/index.php\/wp-json\/wp\/v2\/pages\/34\/revisions\/2005"}],"wp:attachment":[{"href":"https:\/\/val31.fr\/index.php\/wp-json\/wp\/v2\/media?parent=34"}],"curies":[{"name":"wp","href":"https:\/\/api.w.org\/{rel}","templated":true}]}}