{"id":1673,"date":"2023-07-21T15:35:53","date_gmt":"2023-07-21T13:35:53","guid":{"rendered":"https:\/\/val31.fr\/?page_id=1673"},"modified":"2025-08-11T15:43:43","modified_gmt":"2025-08-11T13:43:43","slug":"nous-rejoindre","status":"publish","type":"page","link":"https:\/\/val31.fr\/index.php\/nos-sections\/nous-rejoindre\/","title":{"rendered":"Nous rejoindre"},"content":{"rendered":"\n<p><a href=\"#tarif_adulte\">Tarifs adultes<\/a><br><a href=\"#tarif_enfant\">Tarifs enfants<\/a><br><a href=\"#procedure\">Proc\u00e9dure d&rsquo;inscription<\/a><br><a href=\"#faq\">Questions \/ R\u00e9ponses<\/a><\/p>\n\n\n\n<h2 id=\"tarif_adulte\">Tarifs adultes<\/h2>\n\n\n\n<div class=\"wp-block-columns pricing\">\n<div class=\"wp-block-column\">\n<h2>Sans licence FFA<br>(Cours du mardi uniquement)<\/h2>\n\n\n\n<p class=\"m-0\">Licence FFA&nbsp;:&nbsp;Non<br>Adh\u00e9sion VAL31&nbsp;:&nbsp;Oui<br>Sorties club&nbsp;:&nbsp;Oui<\/p>\n\n\n\n<p class=\"price\">95 \u20ac<\/p>\n\n\n\n<div class=\"wp-block-buttons\">\n<div class=\"wp-block-button\"><a class=\"wp-block-button__link\" href=\"https:\/\/val31-villefranche-athletisme-lauragais.sporteasy.net\/collections\/35211\/\" target=\"_blank\" rel=\"noreferrer noopener\">S&rsquo;inscrire<\/a><\/div>\n<\/div>\n<\/div>\n\n\n\n<div class=\"wp-block-column\">\n<h2>Sans licence FFA<\/h2>\n\n\n\n<p class=\"m-0\">Licence FFA&nbsp;:&nbsp;Non<br>Adh\u00e9sion VAL31&nbsp;:&nbsp;Oui<br>Sorties club&nbsp;:&nbsp;Oui<\/p>\n\n\n\n<p class=\"price\">140 \u20ac<\/p>\n\n\n\n<div class=\"wp-block-buttons\">\n<div class=\"wp-block-button\"><a class=\"wp-block-button__link\" href=\"https:\/\/val31-villefranche-athletisme-lauragais.sporteasy.net\/collections\/35211\/\" target=\"_blank\" rel=\"noreferrer noopener\">S&rsquo;inscrire<\/a><\/div>\n<\/div>\n<\/div>\n<\/div>\n\n\n\n<div class=\"wp-block-columns pricing\">\n<div class=\"wp-block-column\">\n<h2>Licence FFA Loisir<\/h2>\n\n\n\n<p class=\"m-0\">Licence FFA&nbsp;:&nbsp;Oui<br>Adh\u00e9sion VAL31&nbsp;:&nbsp;Oui<br>Sorties club&nbsp;:&nbsp;Oui187 \u20ac<\/p>\n\n\n\n<p class=\"price\">187 \u20ac<\/p>\n\n\n\n<div class=\"wp-block-buttons\">\n<div class=\"wp-block-button\"><a class=\"wp-block-button__link\" href=\"https:\/\/val31-villefranche-athletisme-lauragais.sporteasy.net\/collections\/35211\/\" target=\"_blank\" rel=\"noreferrer noopener\">S&rsquo;inscrire<\/a><\/div>\n<\/div>\n<\/div>\n\n\n\n<div class=\"wp-block-column\">\n<h2>Licence FFA Comp\u00e9tition<\/h2>\n\n\n\n<p class=\"m-0\">Licence FFA&nbsp;:&nbsp;Oui<br>Adh\u00e9sion VAL31&nbsp;:&nbsp;Oui<br>Sorties club&nbsp;:&nbsp;Oui<\/p>\n\n\n\n<p class=\"price\">216 \u20ac<\/p>\n\n\n\n<div class=\"wp-block-buttons\">\n<div class=\"wp-block-button\"><a class=\"wp-block-button__link\" href=\"https:\/\/val31-villefranche-athletisme-lauragais.sporteasy.net\/collections\/35211\/\" target=\"_blank\" rel=\"noreferrer noopener\">S&rsquo;inscrire<\/a><\/div>\n<\/div>\n<\/div>\n<\/div>\n\n\n\n<h2 id=\"tarif_enfant\">Tarifs enfants<\/h2>\n\n\n\n<div class=\"wp-block-columns pricing\">\n<div class=\"wp-block-column\">\n<h2>Ecole d&rsquo;athl\u00e9tisme EAPO (2014 \u00e0 2018)<\/h2>\n\n\n\n<p><strong>Eveil Athl\u00e9tique et Poussin n\u00e9 entre 2014 et 2018<\/strong><\/p>\n\n\n\n<p class=\"m-0\">Licence FFA&nbsp;:&nbsp;Non<br>Adh\u00e9sion VAL31&nbsp;:&nbsp;Oui<\/p>\n\n\n\n<p class=\"price\">140 \u20ac<\/p>\n\n\n\n<div class=\"wp-block-buttons d-none\">\n<div class=\"wp-block-button\"><a class=\"wp-block-button__link\" href=\"https:\/\/val31-villefranche-athletisme-lauragais.sporteasy.net\/collections\/35211\/\" target=\"_blank\" rel=\"noreferrer noopener\">S&rsquo;inscrire<\/a><\/div>\n<\/div>\n<\/div>\n\n\n\n<div class=\"wp-block-column\">\n<h2>Ecole d&rsquo;athl\u00e9tisme MIBE (2010 \u00e0 2013)<\/h2>\n\n\n\n<p><strong>Benjamins et Minimes n\u00e9 entre 2010 et 2013<\/strong><\/p>\n\n\n\n<p class=\"m-0\">Licence FFA&nbsp;:&nbsp;Non<br>Adh\u00e9sion VAL31&nbsp;:&nbsp;Oui<\/p>\n\n\n\n<p class=\"price\">140 \u20ac<\/p>\n\n\n\n<div class=\"wp-block-buttons d-none\">\n<div class=\"wp-block-button\"><a class=\"wp-block-button__link\" href=\"https:\/\/val31-villefranche-athletisme-lauragais.sporteasy.net\/collections\/35211\/\" target=\"_blank\" rel=\"noreferrer noopener\">S&rsquo;inscrire<\/a><\/div>\n<\/div>\n<\/div>\n<\/div>\n\n\n\n<div class=\"wp-block-columns pricing\">\n<div class=\"wp-block-column\">\n<h2>Ecole d&rsquo;athl\u00e9tisme EAPO (2014 \u00e0 2018)<\/h2>\n\n\n\n<p><strong>Eveil Athl\u00e9tique et Poussin n\u00e9 entre 2014 et 2018<\/strong><\/p>\n\n\n\n<p class=\"m-0\">Licence FFA&nbsp;:&nbsp;Oui<br>Adh\u00e9sion VAL31&nbsp;:&nbsp;Oui<\/p>\n\n\n\n<p class=\"price\">200 \u20ac<\/p>\n\n\n\n<div class=\"wp-block-buttons d-none\">\n<div class=\"wp-block-button\"><a class=\"wp-block-button__link\" href=\"https:\/\/val31-villefranche-athletisme-lauragais.sporteasy.net\/collections\/35211\/\" target=\"_blank\" rel=\"noreferrer noopener\">S&rsquo;inscrire<\/a><\/div>\n<\/div>\n<\/div>\n\n\n\n<div class=\"wp-block-column\">\n<h2>Ecole d&rsquo;athl\u00e9tisme MIBE (2010 \u00e0 2013)<\/h2>\n\n\n\n<p><strong>Benjamins et Minimes n\u00e9 entre 2010 et 2013<\/strong><\/p>\n\n\n\n<p class=\"m-0\">Licence FFA&nbsp;:&nbsp;Oui<br>Adh\u00e9sion VAL31&nbsp;:&nbsp;Oui<\/p>\n\n\n\n<p class=\"price\">200 \u20ac<\/p>\n\n\n\n<div class=\"wp-block-buttons d-none\">\n<div class=\"wp-block-button\"><a class=\"wp-block-button__link\" href=\"https:\/\/val31-villefranche-athletisme-lauragais.sporteasy.net\/collections\/35211\/\" target=\"_blank\" rel=\"noreferrer noopener\">S&rsquo;inscrire<\/a><\/div>\n<\/div>\n<\/div>\n<\/div>\n\n\n\n<h2 id=\"procedure\"><span style=\"color:#e30613\" class=\"has-inline-color\">Proc\u00e9dure d\u2019inscription<\/span><\/h2>\n\n\n\n<h3>1 &#8211; Inscription sur le site de la FFA<\/h3>\n\n\n\n<p>Si vous souhaitez prendre une licence FFA, vous devez d&rsquo;abord vous inscrire sur le site de la FFA, si ce n&rsquo;est pas le cas vous pouvez passer \u00e0 l&rsquo;\u00e9tape 2<\/p>\n\n\n\n<h3>2 &#8211; Choix de la formule et paiement<\/h3>\n\n\n\n<p>Cliquez <a rel=\"noreferrer noopener\" href=\"https:\/\/val31-villefranche-athletisme-lauragais.sporteasy.net\/collections\/35211\/\" target=\"_blank\">ici<\/a> pour \u00eatre redirig\u00e9 sur <a rel=\"noreferrer noopener\" href=\"https:\/\/val31-villefranche-athletisme-lauragais.sporteasy.net\/collections\/35211\/\" target=\"_blank\">SportEasy<\/a>, la plateforme de paiement du VAL31<\/p>\n\n\n\n<h4>2.1) Choix de l\u2019adh\u00e9sion<\/h4>\n\n\n\n<p>Choisissez la (ou les formules) qui vous int\u00e9resse et passez \u00e0 l&rsquo;\u00e9tape suivante<br><strong>ATTENTION : Si vous souhaitez pay\u00e9 en 3 fois, choisissez les formules avec la mention \u00ab\u00a0(paiement 3 fois)\u00a0\u00bb<\/strong><\/p>\n\n\n\n<h4>2.2) Adh\u00e9rents<\/h4>\n\n\n\n<p>Saisissez les informations demand\u00e9es pour chaque formule que vous avez choisi.<\/p>\n\n\n\n<h4>2.3) Coordonn\u00e9es<\/h4>\n\n\n\n<p>Saisissez les coordonn\u00e9es de la personne qui paie<\/p>\n\n\n\n<h4>2.4) R\u00e9capitulatif<\/h4>\n\n\n\n<p><strong>Si vous avez un code de r\u00e9duction, vous pouvez le saisir \u00e0 cette \u00e9tape<br>Rapprochez vous du pr\u00e9sident pour avoir les codes en fonction de votre situation (plusieurs adh\u00e9sion, TCL, &#8230;)<\/strong><\/p>\n\n\n\n<p>La partie \u00ab\u00a0Votre contribution au fonctionnement de HelloAsso\u00a0\u00bb, vous n\u2019\u00eates pas oblig\u00e9 de faire une contribution, il vous suffit de cliquer sur le lien \u00ab\u00a0modifier\u00a0\u00bb et cocher la case \u00ab\u00a0Je ne souhaite pas soutenir HelloAsso\u00a0\u00bb<\/p>\n\n\n\n<p>Cochez les options et cliquez sur le bouton \u00ab\u00a0Valider et payer\u00a0\u00bb, vous serez redirig\u00e9 sur la page pour saisir votre CB.<\/p>\n\n\n\n<h2 id=\"faq\"><span style=\"color:#e30613\" class=\"has-inline-color\">Questions \/ R\u00e9ponses<\/span><\/h2>\n\n\n\n<ul><li>Vous souhaitez payer avec le <strong>Pass Sport<\/strong> ou les <strong>ch\u00e8ques vacances<\/strong> ou les <strong>coupons sport<\/strong><ul><li>Merci de contacter le club via son adresse mail pour les modalit\u00e9s<\/li><\/ul><\/li><li>Vous \u00eates du <strong>TCL<\/strong><ul><li>Merci de contacter le club via son adresse mail pour les modalit\u00e9s<\/li><\/ul><\/li><li>Nous sommes <strong>plusieurs de la m\u00eame famille \u00e0 vouloir nous inscrire<\/strong>, existe t&rsquo;il un tarif d\u00e9gressif ?<ul><li>Oui c&rsquo;est possible, contacter le club via son adresse mail pour les modalit\u00e9s<\/li><\/ul><\/li><\/ul>\n\n\n\n<p><\/p>\n","protected":false},"excerpt":{"rendered":"<p>Tarifs adultesTarifs enfantsProc\u00e9dure d&rsquo;inscriptionQuestions \/ R\u00e9ponses Tarifs adultes Sans licence FFA(Cours du mardi uniquement) Licence FFA&nbsp;:&nbsp;NonAdh\u00e9sion VAL31&nbsp;:&nbsp;OuiSorties club&nbsp;:&nbsp;Oui 95 \u20ac Sans licence FFA Licence FFA&nbsp;:&nbsp;NonAdh\u00e9sion VAL31&nbsp;:&nbsp;OuiSorties club&nbsp;:&nbsp;Oui 140 \u20ac Licence FFA Loisir Licence FFA&nbsp;:&nbsp;OuiAdh\u00e9sion VAL31&nbsp;:&nbsp;OuiSorties club&nbsp;:&nbsp;Oui187 \u20ac 187 \u20ac Licence FFA Comp\u00e9tition Licence FFA&nbsp;:&nbsp;OuiAdh\u00e9sion VAL31&nbsp;:&nbsp;OuiSorties club&nbsp;:&nbsp;Oui 216 \u20ac Tarifs enfants Ecole d&rsquo;athl\u00e9tisme EAPO (2014 \u00e0 [&hellip;]<\/p>\n","protected":false},"author":3,"featured_media":0,"parent":107,"menu_order":0,"comment_status":"closed","ping_status":"closed","template":"","meta":{"spay_email":""},"_links":{"self":[{"href":"https:\/\/val31.fr\/index.php\/wp-json\/wp\/v2\/pages\/1673"}],"collection":[{"href":"https:\/\/val31.fr\/index.php\/wp-json\/wp\/v2\/pages"}],"about":[{"href":"https:\/\/val31.fr\/index.php\/wp-json\/wp\/v2\/types\/page"}],"author":[{"embeddable":true,"href":"https:\/\/val31.fr\/index.php\/wp-json\/wp\/v2\/users\/3"}],"replies":[{"embeddable":true,"href":"https:\/\/val31.fr\/index.php\/wp-json\/wp\/v2\/comments?post=1673"}],"version-history":[{"count":40,"href":"https:\/\/val31.fr\/index.php\/wp-json\/wp\/v2\/pages\/1673\/revisions"}],"predecessor-version":[{"id":1974,"href":"https:\/\/val31.fr\/index.php\/wp-json\/wp\/v2\/pages\/1673\/revisions\/1974"}],"up":[{"embeddable":true,"href":"https:\/\/val31.fr\/index.php\/wp-json\/wp\/v2\/pages\/107"}],"wp:attachment":[{"href":"https:\/\/val31.fr\/index.php\/wp-json\/wp\/v2\/media?parent=1673"}],"curies":[{"name":"wp","href":"https:\/\/api.w.org\/{rel}","templated":true}]}}